{"id":19095,"date":"2024-11-24T15:28:42","date_gmt":"2024-11-24T15:28:42","guid":{"rendered":"https:\/\/remarca.md\/informatii-utile\/"},"modified":"2025-01-20T14:52:53","modified_gmt":"2025-01-20T14:52:53","slug":"informatii-utile","status":"publish","type":"page","link":"https:\/\/remarca.md\/ro\/informatii-utile\/","title":{"rendered":"Informa\u021bii utile"},"content":{"rendered":"\t\t<div data-elementor-type=\"wp-page\" data-elementor-id=\"19095\" class=\"elementor elementor-19095 elementor-15871\">\n\t\t\t\t<div class=\"wd-negative-gap elementor-element elementor-element-86487c9 e-flex e-con-boxed e-con e-parent\" data-id=\"86487c9\" data-element_type=\"container\" data-e-type=\"container\">\n\t\t\t\t\t<div class=\"e-con-inner\">\n\t\t\t\t<div class=\"elementor-element elementor-element-202cac6 elementor-widget elementor-widget-html\" data-id=\"202cac6\" data-element_type=\"widget\" data-e-type=\"widget\" data-widget_type=\"html.default\">\n\t\t\t\t<div class=\"elementor-widget-container\">\n\t\t\t\t\t<div class=\"useful-info\">\n    \n    <ul class=\"info-list\">\n        <li>\n            <a href=\"https:\/\/remarca.md\/wp-content\/uploads\/2024\/12\/%D0%93%D0%9E%D0%A1%D0%A2-520-2011-%D0%9F%D0%BE%D0%B4%D1%88%D0%B8%D0%BF%D0%BD%D0%B8%D0%BA%D0%B8-%D0%BA%D0%B0%D1%87%D0%B5%D0%BD%D0%B8%D1%8F.-%D0%9E%D0%B1%D1%89%D0%B8%D0%B5-%D1%83%D1%81%D0%BB%D0%BE%D0%B2%D0%B8%D1%8F.pdf\" target=\"_blank\">\n GOST 520-2011 Rulmen\u021bi cu role. \n            <\/a>\n        <\/li>\n        \n        <li>\n            <a href=\"https:\/\/remarca.md\/wp-content\/uploads\/2024\/12\/%D0%93%D0%9E%D0%A1%D0%A2-13014-80-%D0%92%D1%82%D1%83%D0%BB%D0%BA%D0%B8-%D1%81%D1%82%D1%8F%D0%B6%D0%BD%D1%8B%D0%B5-%D0%BF%D0%BE%D0%B4%D1%88%D0%B8%D0%BF%D0%BD%D0%B8%D0%BA%D0%BE%D0%B2-%D0%BA%D0%B0%D1%87%D0%B5%D0%BD%D0%B8%D1%8F.-%D0%9E%D1%81%D0%BD%D0%BE%D0%B2%D0%BD%D1%8B%D0%B5-%D1%80%D0%B0%D0%B7%D0%BC%D0%B5%D1%80%D1%8B.pdf\" target=\"_blank\">\n GOST 13014-80 Man\u0219oane de prindere pentru rulmen\u021bi cu role. \n            <\/a>\n        <\/li>\n        \n        <li>\n            <a href=\"https:\/\/remarca.md\/wp-content\/uploads\/2024\/12\/%D0%93%D0%9E%D0%A1%D0%A2-18572-81-%D0%9F%D0%BE%D0%B4%D1%88%D0%B8%D0%BF%D0%BD%D0%B8%D0%BA%D0%B8-%D1%80%D0%BE%D0%BB%D0%B8%D0%BA%D0%BE%D0%B2%D1%8B%D0%B5-%D1%81-%D1%86%D0%B8%D0%BB%D0%B8%D0%BD%D0%B4%D1%80%D0%B8%D1%87%D0%B5%D1%81%D0%BA%D0%B8%D0%BC%D0%B8-%D1%80%D0%BE%D0%BB%D0%B8%D0%BA%D0%B0%D0%BC%D0%B8-%D0%B4%D0%BB%D1%8F-%D0%B1%D1%83%D0%BA%D1%81-%D0%B6%D0%B5%D0%BB%D0%B5%D0%B7%D0%BD%D0%BE%D0%B4%D0%BE%D1%80%D0%BE%D0%B6%D0%BD%D0%BE%D0%B3%D0%BE-%D0%BF%D0%BE%D0%B4%D0%B2%D0%B8%D0%B6%D0%BD%D0%BE%D0%B3%D0%BE-%D1%81%D0%BE%D1%81%D1%82%D0%B0%D0%B2%D0%B0.-%D0%9E%D1%81%D0%BD%D0%BE%D0%B2%D0%BD%D1%8B%D0%B5-%D1%80%D0%B0%D0%B7%D0%BC%D0%B5%D1%80%D1%8B.pdf\" target=\"_blank\">\n GOST 18572-81 Rulmen\u021bi cu role cilindrice pentru osii ale materialului rulant feroviar. \n            <\/a>\n        <\/li>\n        \n        <li>\n            <a href=\"https:\/\/remarca.md\/wp-content\/uploads\/2024\/12\/%D0%93%D0%9E%D0%A1%D0%A2-18854-94-%D0%9F%D0%BE%D0%B4%D1%88%D0%B8%D0%BF%D0%BD%D0%B8%D0%BA%D0%B8-%D0%BA%D0%B0%D1%87%D0%B5%D0%BD%D0%B8%D1%8F.-%D0%A1%D1%82%D0%B0%D1%82%D0%B8%D1%87%D0%B5%D1%81%D0%BA%D0%B0%D1%8F-%D0%B3%D1%80%D1%83%D0%B7%D0%BE%D0%BF%D0%BE%D0%B4%D1%8A%D1%91%D0%BC%D0%BD%D0%BE%D1%81%D1%82%D1%8C.pdf\" target=\"_blank\">\n GOST 18854-94 Rulmen\u021bi cu role. \n            <\/a>\n        <\/li>\n        \n        <li>\n            <a href=\"https:\/\/remarca.md\/wp-content\/uploads\/2024\/12\/%D0%93%D0%9E%D0%A1%D0%A2-18855-94-%D0%9F%D0%BE%D0%B4%D1%88%D0%B8%D0%BF%D0%BD%D0%B8%D0%BA%D0%B8-%D0%BA%D0%B0%D1%87%D0%B5%D0%BD%D0%B8%D1%8F.-%D0%94%D0%B8%D0%BD%D0%B0%D0%BC%D0%B8%D1%87%D0%B5%D1%81%D0%BA%D0%B0%D1%8F-%D1%80%D0%B0%D1%81%D1%87%D1%91%D1%82%D0%BD%D0%B0%D1%8F-%D0%B3%D1%80%D1%83%D0%B7%D0%BE%D0%BF%D0%BE%D0%B4%D1%8A%D1%91%D0%BC%D0%BD%D0%BE%D1%81%D1%82%D1%8C-%D0%B8-%D1%80%D0%B0%D1%81%D1%87%D1%91%D1%82%D0%BD%D1%8B%D0%B9-%D1%80%D0%B5%D1%81%D1%83%D1%80%D1%81-%D0%B4%D0%BE%D0%BB%D0%B3%D0%BE%D0%B2%D0%B5%D1%87%D0%BD%D0%BE%D1%81%D1%82%D1%8C.pdf\" target=\"_blank\">\n GOST 18855-94 Rulmen\u021bi cu role. \n            <\/a>\n        <\/li>\n        \n        <li>\n            <a href=\"https:\/\/remarca.md\/wp-content\/uploads\/2024\/12\/20531-75____-__.__.pdf\" target=\"_blank\">\n GOST 20531-75 Rulmen\u021bi cu role aculiforme radiali-axiali combina\u021bi. \n            <\/a>\n        <\/li>\n        \n        <li>\n            <a href=\"https:\/\/remarca.md\/wp-content\/uploads\/2024\/12\/22696-77__.___.__.pdf\" target=\"_blank\">\n GOST 22696-77 Rulmen\u021bi cu role.  \n            <\/a>\n        <\/li>\n        \n        <li>\n            <a href=\"https:\/\/remarca.md\/wp-content\/uploads\/2024\/12\/23179-78______.__.pdf\" target=\"_blank\">\n GOST 23179-78 Rulmen\u021bi cu role radiali cu bile, unghiulare, flexibili. \n            <\/a>\n        <\/li>\n        \n        <li>\n            <a href=\"https:\/\/remarca.md\/wp-content\/uploads\/2024\/12\/23526-79_______.____.pdf\" target=\"_blank\">\n GOST 23526-79 Rulmen\u021bi cu role axiali cu role cilindrice, simplu. \n            <\/a>\n        <\/li>\n        \n        <li>\n            <a href=\"https:\/\/remarca.md\/wp-content\/uploads\/2024\/12\/24208-80____.__.pdf\" target=\"_blank\">\n GOST 24208-80 Man\u0219oane de fixare pentru rulmen\u021bi cu role. \n            <\/a>\n        <\/li>\n        \n         <li>\n            <a href=\"https:\/\/remarca.md\/wp-content\/uploads\/2024\/12\/24696-81________.__.pdf\" target=\"_blank\">\n GOST 24696-81 Rulmen\u021bi cu role radiali sferici, dou\u0103 r\u00e2nduri, cu role simetrice. \n            <\/a>\n        <\/li>\n        \n         <li>\n            <a href=\"https:\/\/remarca.md\/wp-content\/uploads\/2024\/12\/24810-81__._.pdf\" target=\"_blank\">\n GOST 24810-81 Rulmen\u021bi cu role. \n            <\/a>\n        <\/li>\n        \n         <li>\n            <a href=\"https:\/\/remarca.md\/wp-content\/uploads\/2024\/12\/24810-81__._-1.pdf\" target=\"_blank\">\n GOST 24955-81 Rulmen\u021bi cu role. \n            <\/a>\n        <\/li>\n        \n        <li>\n            <a href=\"https:\/\/remarca.md\/wp-content\/uploads\/2024\/12\/25255-82__.___.__.pdf\" target=\"_blank\">\n GOST 25255-82 Rulmen\u021bi cu role.  \n            <\/a>\n        <\/li>\n        \n        <li>\n            <a href=\"https:\/\/remarca.md\/wp-content\/uploads\/2024\/12\/25256-82__._.___.pdf\" target=\"_blank\">\n GOST 25256-82 Rulmen\u021bi cu role.  \n            <\/a>\n        <\/li>\n        \n        <li>\n            <a href=\"https:\/\/remarca.md\/wp-content\/uploads\/2024\/12\/25455-82__.____.__.pdf\" target=\"_blank\">\n GOST 25455-82 Rulmen\u021bi cu role.  \n            <\/a>\n        <\/li>\n        \n        <li>\n            <a href=\"https:\/\/remarca.md\/wp-content\/uploads\/2024\/12\/27057-86_____.__.pdf\" target=\"_blank\">\n GOST 27057-86 Rulmen\u021bi cu role axiali conici, simplu. \n            <\/a>\n        <\/li>\n        \n        <li>\n            <a href=\"https:\/\/remarca.md\/wp-content\/uploads\/2024\/12\/2722-81__._.__.pdf\" target=\"_blank\">\n GOST 2722-81 Rulmen\u021bi cu role.  \n            <\/a>\n        <\/li>\n        \n        <li>\n            <a href=\"https:\/\/remarca.md\/wp-content\/uploads\/2024\/12\/27365-87______.__.pdf\" target=\"_blank\">\n GOST 27365-87 Rulmen\u021bi cu role conice, unghiulare, cu capacitate de \u00eenc\u0103rcare m\u0103rit\u0103. \n            <\/a>\n        <\/li>\n        \n        \n    <\/ul>\n<\/div>\n\t\t\t\t<\/div>\n\t\t\t\t<\/div>\n\t\t\t\t\t<\/div>\n\t\t\t\t<\/div>\n\t\t\t\t<\/div>\n\t\t","protected":false},"excerpt":{"rendered":"<p>GOST 520-2011 Rulmen\u021bi cu role. GOST 13014-80 Man\u0219oane de prindere pentru rulmen\u021bi cu role. GOST 18572-81 Rulmen\u021bi cu role cilindrice<\/p>\n","protected":false},"author":1,"featured_media":0,"parent":0,"menu_order":0,"comment_status":"closed","ping_status":"closed","template":"","meta":{"footnotes":""},"class_list":["post-19095","page","type-page","status-publish","hentry"],"_links":{"self":[{"href":"https:\/\/remarca.md\/ro\/wp-json\/wp\/v2\/pages\/19095","targetHints":{"allow":["GET"]}}],"collection":[{"href":"https:\/\/remarca.md\/ro\/wp-json\/wp\/v2\/pages"}],"about":[{"href":"https:\/\/remarca.md\/ro\/wp-json\/wp\/v2\/types\/page"}],"author":[{"embeddable":true,"href":"https:\/\/remarca.md\/ro\/wp-json\/wp\/v2\/users\/1"}],"replies":[{"embeddable":true,"href":"https:\/\/remarca.md\/ro\/wp-json\/wp\/v2\/comments?post=19095"}],"version-history":[{"count":1,"href":"https:\/\/remarca.md\/ro\/wp-json\/wp\/v2\/pages\/19095\/revisions"}],"predecessor-version":[{"id":19096,"href":"https:\/\/remarca.md\/ro\/wp-json\/wp\/v2\/pages\/19095\/revisions\/19096"}],"wp:attachment":[{"href":"https:\/\/remarca.md\/ro\/wp-json\/wp\/v2\/media?parent=19095"}],"curies":[{"name":"wp","href":"https:\/\/api.w.org\/{rel}","templated":true}]}}